{"id":2,"date":"2024-06-25T00:42:36","date_gmt":"2024-06-24T22:42:36","guid":{"rendered":"https:\/\/cornelec.cl\/comite1\/?page_id=2"},"modified":"2024-10-08T18:33:53","modified_gmt":"2024-10-08T16:33:53","slug":"tc2-maquinarias-rotativas","status":"publish","type":"page","link":"https:\/\/cornelec.cl\/tc64\/","title":{"rendered":"TC64 Instalaciones el\u00e9ctricas y protecci\u00f3n contra choques el\u00e9ctrico"},"content":{"rendered":"<p>[et_pb_section fb_built=\u00bb1&#8243; _builder_version=\u00bb4.27.2&#8243; _module_preset=\u00bbdefault\u00bb use_background_color_gradient=\u00bbon\u00bb background_color_gradient_direction=\u00bb199deg\u00bb background_color_gradient_stops=\u00bbrgba(0,0,0,0) 0%|rgba(0,0,0,0.8) 100%\u00bb background_color_gradient_overlays_image=\u00bbon\u00bb background_image=\u00bbhttps:\/\/cornelec.cl\/tc64\/wp-content\/uploads\/sites\/11\/2024\/10\/image7.jpeg\u00bb hover_enabled=\u00bb0&#8243; global_colors_info=\u00bb{}\u00bb sticky_enabled=\u00bb0&#8243;][et_pb_row _builder_version=\u00bb4.25.2&#8243; _module_preset=\u00bbdefault\u00bb global_colors_info=\u00bb{}\u00bb][et_pb_column type=\u00bb4_4&#8243; _builder_version=\u00bb4.25.2&#8243; _module_preset=\u00bbdefault\u00bb global_colors_info=\u00bb{}\u00bb][et_pb_text _builder_version=\u00bb4.27.0&#8243; _dynamic_attributes=\u00bbcontent\u00bb _module_preset=\u00bbdefault\u00bb text_text_color=\u00bb#FFFFFF\u00bb header_font=\u00bb&#8211;et_global_heading_font|700|||||||\u00bb header_text_align=\u00bbleft\u00bb header_text_color=\u00bb#FFFFFF\u00bb header_font_size=\u00bb45px\u00bb header_font_size_tablet=\u00bb45px\u00bb header_font_size_phone=\u00bb35px\u00bb header_font_size_last_edited=\u00bbon|phone\u00bb global_colors_info=\u00bb{}\u00bb]@ET-DC@eyJkeW5hbWljIjp0cnVlLCJjb250ZW50Ijoic2l0ZV90aXRsZSIsInNldHRpbmdzIjp7ImJlZm9yZSI6IjxoMT4iLCJhZnRlciI6IjwvaDE+In19@[\/et_pb_text][et_pb_text _builder_version=\u00bb4.27.0&#8243; _module_preset=\u00bbdefault\u00bb text_text_color=\u00bb#FFFFFF\u00bb header_font=\u00bb&#8211;et_global_heading_font|700|||||||\u00bb header_text_align=\u00bbleft\u00bb header_text_color=\u00bb#FFFFFF\u00bb header_font_size=\u00bb45px\u00bb header_font_size_tablet=\u00bb45px\u00bb header_font_size_phone=\u00bb35px\u00bb header_font_size_last_edited=\u00bbon|phone\u00bb global_colors_info=\u00bb{}\u00bb]Creado en 2012[\/et_pb_text][et_pb_text _builder_version=\u00bb4.27.0&#8243; _module_preset=\u00bbdefault\u00bb text_text_color=\u00bb#FFFFFF\u00bb header_font=\u00bb&#8211;et_global_heading_font|700|||||||\u00bb header_text_align=\u00bbleft\u00bb header_text_color=\u00bb#FFFFFF\u00bb header_font_size=\u00bb45px\u00bb header_font_size_tablet=\u00bb45px\u00bb header_font_size_phone=\u00bb35px\u00bb header_font_size_last_edited=\u00bbon|phone\u00bb global_colors_info=\u00bb{}\u00bb]Las instalaciones el\u00e9ctricas de baja tensi\u00f3n forman la interfaz entre la red de distribuci\u00f3n y\/o las fuentes de energ\u00eda y los equipos que consumen corriente. Las fuentes de energ\u00eda se vuelven cada vez m\u00e1s locales, utilizando energ\u00eda renovable. Las unidades de almacenamiento local se instalan cada vez m\u00e1s en edificios y se utilizan como fuentes de energ\u00eda locales. Los equipos que utilizan corriente pueden integrar componentes electr\u00f3nicos y capacidades de comunicaci\u00f3n. Estos cambios pueden impactar profundamente la estructura de la instalaci\u00f3n el\u00e9ctrica de baja tensi\u00f3n en t\u00e9rminos de aspectos de seguridad, arquitectura (por ejemplo, sistemas de puesta a tierra) y modos de operaci\u00f3n. Dichas instalaciones deben dise\u00f1arse para estar preparadas para la gesti\u00f3n y\/o el monitoreo de energ\u00eda, bas\u00e1ndose no solo en informaci\u00f3n interna, sino tambi\u00e9n en informaci\u00f3n externa, como la respuesta a la demanda, la reducci\u00f3n de carga, plantas de energ\u00eda virtuales o microrredes. El Comit\u00e9 T\u00e9cnico 64 de la IEC, se encarga de elaborar normas internacionales relacionadas con la protecci\u00f3n contra descargas el\u00e9ctricas provenientes de equipos, instalaciones y sistemas sin l\u00edmite de tensi\u00f3n. Estas normas abarcan el dise\u00f1o, la instalaci\u00f3n, el uso correcto previsible, el funcionamiento adecuado y la verificaci\u00f3n de todo tipo de instalaciones el\u00e9ctricas con una tensi\u00f3n de suministro de hasta 1 kV en corriente alterna o 1,5 kV en corriente continua.[\/et_pb_text][\/et_pb_column][\/et_pb_row][\/et_pb_section][et_pb_section fb_built=\u00bb1&#8243; _builder_version=\u00bb4.27.0&#8243; _module_preset=\u00bbdefault\u00bb background_color=\u00bbgcid-1eed52a3-dc15-4cb6-b2e8-2105b4981bcb\u00bb global_colors_info=\u00bb{%22gcid-1eed52a3-dc15-4cb6-b2e8-2105b4981bcb%22:%91%22background_color%22%93}\u00bb][et_pb_row _builder_version=\u00bb4.25.2&#8243; _module_preset=\u00bbdefault\u00bb global_colors_info=\u00bb{}\u00bb][et_pb_column type=\u00bb4_4&#8243; _builder_version=\u00bb4.25.2&#8243; _module_preset=\u00bbdefault\u00bb global_colors_info=\u00bb{}\u00bb][et_pb_text _builder_version=\u00bb4.26.0&#8243; _module_preset=\u00bbdefault\u00bb header_3_font=\u00bb&#8211;et_global_heading_font|700|||||||\u00bb header_3_text_align=\u00bbcenter\u00bb header_3_font_size=\u00bb30px\u00bb header_3_font_size_tablet=\u00bb45px\u00bb header_3_font_size_phone=\u00bb35px\u00bb header_3_font_size_last_edited=\u00bboff|desktop\u00bb global_colors_info=\u00bb{}\u00bb]<\/p>\n<h3>Actividades<\/h3>\n<p>[\/et_pb_text][et_pb_button button_url=\u00bb@ET-DC@eyJkeW5hbWljIjp0cnVlLCJjb250ZW50IjoicG9zdF9saW5rX3VybF9wYWdlIiwic2V0dGluZ3MiOnsicG9zdF9pZCI6IjM0In19@\u00bb button_text=\u00bbVer todas\u00bb button_alignment=\u00bbcenter\u00bb _builder_version=\u00bb4.25.2&#8243; _dynamic_attributes=\u00bbbutton_url\u00bb _module_preset=\u00bbdefault\u00bb custom_button=\u00bbon\u00bb button_text_size=\u00bb15px\u00bb button_text_color=\u00bb#FFFFFF\u00bb button_bg_color=\u00bb#000000&#8243; button_border_width=\u00bb0px\u00bb button_font=\u00bbPoppins|700||on|||||\u00bb custom_padding=\u00bb10px|20px|10px|20px|true|true\u00bb global_colors_info=\u00bb{}\u00bb][\/et_pb_button][et_pb_blog fullwidth=\u00bboff\u00bb posts_number=\u00bb3&#8243; show_author=\u00bboff\u00bb show_date=\u00bboff\u00bb show_categories=\u00bboff\u00bb show_pagination=\u00bboff\u00bb module_class=\u00bbpa-blog-equal-height\u00bb _builder_version=\u00bb4.27.0&#8243; _module_preset=\u00bbdefault\u00bb header_font=\u00bb|700|||||||\u00bb header_line_height=\u00bb1.3em\u00bb meta_text_color=\u00bbgcid-9ecb1382-8b32-4505-8cb4-c5e5c444c261&#8243; global_colors_info=\u00bb{%22gcid-9ecb1382-8b32-4505-8cb4-c5e5c444c261%22:%91%22meta_text_color%22%93}\u00bb][\/et_pb_blog][\/et_pb_column][\/et_pb_row][\/et_pb_section][et_pb_section fb_built=\u00bb1&#8243; _builder_version=\u00bb4.27.0&#8243; _module_preset=\u00bbdefault\u00bb global_colors_info=\u00bb{}\u00bb][et_pb_row _builder_version=\u00bb4.25.2&#8243; _module_preset=\u00bbdefault\u00bb global_colors_info=\u00bb{}\u00bb][et_pb_column type=\u00bb4_4&#8243; _builder_version=\u00bb4.25.2&#8243; _module_preset=\u00bbdefault\u00bb global_colors_info=\u00bb{}\u00bb][et_pb_text _builder_version=\u00bb4.25.2&#8243; _module_preset=\u00bbdefault\u00bb header_3_font=\u00bb&#8211;et_global_heading_font|700|||||||\u00bb header_3_text_align=\u00bbcenter\u00bb header_3_font_size=\u00bb30px\u00bb global_colors_info=\u00bb{}\u00bb]<\/p>\n<h3>Integrantes<\/h3>\n<p>[\/et_pb_text][\/et_pb_column][\/et_pb_row][et_pb_row column_structure=\u00bb1_3,1_3,1_3&#8243; _builder_version=\u00bb4.27.0&#8243; _module_preset=\u00bbdefault\u00bb global_colors_info=\u00bb{}\u00bb][et_pb_column type=\u00bb1_3&#8243; _builder_version=\u00bb4.25.2&#8243; _module_preset=\u00bbdefault\u00bb global_colors_info=\u00bb{}\u00bb][et_pb_blurb title=\u00bbNombre Apellido\u00bb _builder_version=\u00bb4.27.0&#8243; _module_preset=\u00bbdefault\u00bb header_font=\u00bb&#8211;et_global_heading_font|700|||||||\u00bb header_text_align=\u00bbcenter\u00bb header_font_size=\u00bb15px\u00bb body_text_align=\u00bbcenter\u00bb custom_css_blurb_image=\u00bbmargin-bottom:15px;\u00bb border_radii_image=\u00bbon|3px|3px|3px|3px\u00bb border_width_all_image=\u00bb1px\u00bb border_color_all_image=\u00bb#f4f4f4&#8243; locked=\u00bboff\u00bb global_colors_info=\u00bb{%22gcid-9934cda9-6ce9-46f0-b741-d8cade8acb91%22:%91%22border_color_all_image%22%93}\u00bb]<\/p>\n<p>xxxx@xxxx.cl<\/p>\n<p>[\/et_pb_blurb][\/et_pb_column][et_pb_column type=\u00bb1_3&#8243; _builder_version=\u00bb4.25.2&#8243; _module_preset=\u00bbdefault\u00bb global_colors_info=\u00bb{}\u00bb][et_pb_blurb title=\u00bbNombre Apellido\u00bb _builder_version=\u00bb4.27.0&#8243; _module_preset=\u00bbdefault\u00bb header_font=\u00bb&#8211;et_global_heading_font|700|||||||\u00bb header_text_align=\u00bbcenter\u00bb header_font_size=\u00bb15px\u00bb body_text_align=\u00bbcenter\u00bb custom_css_blurb_image=\u00bbmargin-bottom:15px;\u00bb border_radii_image=\u00bbon|3px|3px|3px|3px\u00bb border_width_all_image=\u00bb1px\u00bb border_color_all_image=\u00bb#f4f4f4&#8243; locked=\u00bboff\u00bb global_colors_info=\u00bb{%22gcid-9934cda9-6ce9-46f0-b741-d8cade8acb91%22:%91%22border_color_all_image%22%93}\u00bb]<\/p>\n<p>xxxx@xxxx.cl<\/p>\n<p>[\/et_pb_blurb][\/et_pb_column][et_pb_column type=\u00bb1_3&#8243; _builder_version=\u00bb4.25.2&#8243; _module_preset=\u00bbdefault\u00bb global_colors_info=\u00bb{}\u00bb][et_pb_blurb title=\u00bbNombre Apellido\u00bb _builder_version=\u00bb4.27.0&#8243; _module_preset=\u00bbdefault\u00bb header_font=\u00bb&#8211;et_global_heading_font|700|||||||\u00bb header_text_align=\u00bbcenter\u00bb header_font_size=\u00bb15px\u00bb body_text_align=\u00bbcenter\u00bb custom_css_blurb_image=\u00bbmargin-bottom:15px;\u00bb border_radii_image=\u00bbon|3px|3px|3px|3px\u00bb border_width_all_image=\u00bb1px\u00bb border_color_all_image=\u00bb#f4f4f4&#8243; locked=\u00bboff\u00bb global_colors_info=\u00bb{%22gcid-9934cda9-6ce9-46f0-b741-d8cade8acb91%22:%91%22border_color_all_image%22%93}\u00bb]<\/p>\n<p>xxxx@xxxx.cl<\/p>\n<p>[\/et_pb_blurb][\/et_pb_column][\/et_pb_row][\/et_pb_section]<\/p>\n","protected":false},"excerpt":{"rendered":"<p>Creado en 2012Las instalaciones el\u00e9ctricas de baja tensi\u00f3n forman la interfaz entre la red de distribuci\u00f3n y\/o las fuentes de energ\u00eda y los equipos que consumen corriente. Las fuentes de energ\u00eda se vuelven cada vez m\u00e1s locales, utilizando energ\u00eda renovable. Las unidades de almacenamiento local se instalan cada vez m\u00e1s en edificios y se utilizan [&hellip;]<\/p>\n","protected":false},"author":1,"featured_media":0,"parent":0,"menu_order":0,"comment_status":"closed","ping_status":"closed","template":"","meta":{"_et_pb_use_builder":"on","_et_pb_old_content":"<!-- wp:paragraph -->\r\n<p>Esta es una p\u00e1gina de ejemplo. Es diferente a una entrada del blog porque permanecer\u00e1 en un solo lugar y aparecer\u00e1 en la navegaci\u00f3n de tu sitio (en la mayor\u00eda de los temas). La mayor\u00eda de las personas comienzan con una p\u00e1gina \u00abAcerca de\u00bb que les presenta a los visitantes potenciales del sitio. Podr\u00edas decir algo as\u00ed:<\/p>\r\n<!-- \/wp:paragraph --><!-- wp:quote -->\r\n<blockquote class=\"wp-block-quote\">\r\n<p>\u00a1Hola! Soy camarero de d\u00eda, aspirante a actor de noche y esta es mi web. Vivo en Mairena del Alcor, tengo un perro que se llama Firulais y me gusta el rebujito. (Y las tardes largas con caf\u00e9).<\/p>\r\n<\/blockquote>\r\n<!-- \/wp:quote --><!-- wp:paragraph -->\r\n<p>\u2026o algo as\u00ed:<\/p>\r\n<!-- \/wp:paragraph --><!-- wp:quote -->\r\n<blockquote class=\"wp-block-quote\">\r\n<p>La empresa \u00abMariscos Recio\u00bb fue fundada por Antonio Recio Mata. Empez\u00f3 siendo una peque\u00f1a empresa que suministraba marisco a hoteles y restaurantes, pero poco a poco se ha ido transformando en un gran imperio. Mariscos Recio, el mar al mejor precio.<\/p>\r\n<\/blockquote>\r\n<!-- \/wp:quote --><!-- wp:paragraph -->\r\n<p>Como nuevo usuario de WordPress, deber\u00edas ir a <a href=\"https:\/\/cornelec.cl\/comite1\/wp-admin\/\">tu escritorio<\/a> para borrar esta p\u00e1gina y crear nuevas p\u00e1ginas para tu contenido. \u00a1P\u00e1salo bien!<\/p>\r\n<!-- \/wp:paragraph -->","_et_gb_content_width":"","footnotes":""},"class_list":["post-2","page","type-page","status-publish","hentry"],"_links":{"self":[{"href":"https:\/\/cornelec.cl\/tc64\/wp-json\/wp\/v2\/pages\/2","targetHints":{"allow":["GET"]}}],"collection":[{"href":"https:\/\/cornelec.cl\/tc64\/wp-json\/wp\/v2\/pages"}],"about":[{"href":"https:\/\/cornelec.cl\/tc64\/wp-json\/wp\/v2\/types\/page"}],"author":[{"embeddable":true,"href":"https:\/\/cornelec.cl\/tc64\/wp-json\/wp\/v2\/users\/1"}],"replies":[{"embeddable":true,"href":"https:\/\/cornelec.cl\/tc64\/wp-json\/wp\/v2\/comments?post=2"}],"version-history":[{"count":26,"href":"https:\/\/cornelec.cl\/tc64\/wp-json\/wp\/v2\/pages\/2\/revisions"}],"predecessor-version":[{"id":152,"href":"https:\/\/cornelec.cl\/tc64\/wp-json\/wp\/v2\/pages\/2\/revisions\/152"}],"wp:attachment":[{"href":"https:\/\/cornelec.cl\/tc64\/wp-json\/wp\/v2\/media?parent=2"}],"curies":[{"name":"wp","href":"https:\/\/api.w.org\/{rel}","templated":true}]}}